{"id":977,"date":"2016-05-30T09:48:10","date_gmt":"2016-05-30T06:48:10","guid":{"rendered":"https:\/\/elaintohtori.fi\/lauttasaari\/?page_id=977"},"modified":"2026-02-11T14:57:21","modified_gmt":"2026-02-11T12:57:21","slug":"hinnasto","status":"publish","type":"page","link":"https:\/\/elaintohtori.fi\/lauttasaari\/hinnasto\/","title":{"rendered":"Hinnasto"},"content":{"rendered":"<p>[vc_row][vc_column][vc_column_text]<\/p>\n<h3>Toimenpidehinnasto koirille<\/h3>\n<div class=\"table-responsive\">\n<table class=\"table table-striped\" style=\"height: 317px;\" width=\"348\">\n<tbody>\n<tr style=\"height: 45px;\">\n<td style=\"width: 170px; height: 45px;\">Perusk\u00e4ynti max. 20 min.<\/td>\n<td style=\"text-align: left; width: 170px; height: 45px;\">90 \u20ac<\/td>\n<\/tr>\n<tr style=\"height: 67px;\">\n<td style=\"width: 170px; height: 67px;\">\n<h4>Rokotukset<\/h4>\n<\/td>\n<td style=\"width: 170px; height: 67px;\"><\/td>\n<\/tr>\n<tr style=\"height: 24px;\">\n<td style=\"width: 170px; height: 24px;\">Kennelysk\u00e4rokotus<\/td>\n<td style=\"text-align: left; width: 170px; height: 24px;\">75\/ 79 \u20ac<\/td>\n<\/tr>\n<tr style=\"height: 24px;\">\n<td style=\"width: 170px; height: 24px;\">4-rokote<\/td>\n<td style=\"width: 170px; height: 24px;\">77 \u20ac<\/td>\n<\/tr>\n<tr style=\"height: 24px;\">\n<td style=\"width: 170px; height: 24px;\">Rabiesrokote<\/td>\n<td style=\"width: 170px; height: 24px;\">72 \u20ac<\/td>\n<\/tr>\n<tr style=\"height: 24px;\">\n<td style=\"width: 170px; height: 24px;\">4-rokote + rabies<\/td>\n<td style=\"width: 170px; height: 24px;\">82 \u20ac<\/td>\n<\/tr>\n<tr style=\"height: 24px;\">\n<td style=\"width: 170px; height: 24px;\">Kennelysk\u00e4 + rabies+KC<\/td>\n<td style=\"width: 170px; height: 24px;\">94 \u20ac<\/td>\n<\/tr>\n<tr style=\"height: 24px;\">\n<td style=\"width: 170px; height: 24px;\">Kennelysk\u00e4 + rabies<\/td>\n<td style=\"width: 170px; height: 24px;\">80\u20ac<\/td>\n<\/tr>\n<tr style=\"height: 24px;\">\n<td style=\"width: 170px; height: 24px;\"><\/td>\n<td style=\"width: 170px; height: 24px;\"><\/td>\n<\/tr>\n<tr style=\"height: 10px;\">\n<td style=\"width: 170px; height: 10px;\"><\/td>\n<td style=\"width: 170px; height: 10px;\"><\/td>\n<\/tr>\n<\/tbody>\n<\/table>\n<p>Rokotusk\u00e4yntiin sis\u00e4ltyy aina terveystarkastus.\u00a0Suosittelemme pennuille ja alle 10 kg koirille\u00a0raivotautirokotteen antamista erillisell\u00e4 k\u00e4yntikerralla.<\/p>\n<table class=\"table table-striped\" style=\"height: 144px;\">\n<tbody>\n<tr style=\"height: 24px;\">\n<td style=\"width: 50%; height: 24px;\">Kastraatio &lt; 10 kg<\/td>\n<td style=\"text-align: left; height: 24px;\">365 \u20ac<\/td>\n<\/tr>\n<tr style=\"height: 24px;\">\n<td style=\"height: 24px;\">Kastraatio 10-30 kg<\/td>\n<td style=\"text-align: left; height: 24px;\">425 \u20ac<\/td>\n<\/tr>\n<tr style=\"height: 24px;\">\n<td style=\"height: 24px;\">Kastraatio 30-50 kg<\/td>\n<td style=\"text-align: left; height: 24px;\">495 \u20ac<\/td>\n<\/tr>\n<tr style=\"height: 24px;\">\n<td style=\"height: 24px;\">Sterilaatio &lt; 10 kg<\/td>\n<td style=\"text-align: left; height: 24px;\">529 \u20ac<\/td>\n<\/tr>\n<tr style=\"height: 24px;\">\n<td style=\"height: 24px;\">Sterilaatio 10-30 kg<\/td>\n<td style=\"text-align: left; height: 24px;\">585 \u20ac<\/td>\n<\/tr>\n<tr style=\"height: 24px;\">\n<td style=\"height: 24px;\">Sterilaatio 30-50 kg<\/td>\n<td style=\"text-align: left; height: 24px;\">640 \u20ac<\/td>\n<\/tr>\n<\/tbody>\n<\/table>\n<\/div>\n<p>Suosittelemme anestesian yhteydess\u00e4 verin\u00e4ytteiden tutkimista ( maksa-ja munuaisarvot, verensokeri, proteiinit, anemia- ja tulehdusarvot).<br \/>\nAnestesiatoimenpiteen yhteydess\u00e4 teht\u00e4v\u00e4n verin\u00e4ytteen arvo 145,33 euroa.<\/p>\n<table class=\"table table-striped\">\n<tbody>\n<tr>\n<td style=\"width: 260px;\">Hammaskivenpoisto koira<\/td>\n<td style=\"text-align: left; width: 264px;\">305 \u20ac<\/td>\n<\/tr>\n<tr>\n<td style=\"width: 260px;\">Hammaskivenpoisto kissa<\/td>\n<td style=\"text-align: left; width: 264px;\">218 \u20ac<\/td>\n<\/tr>\n<tr>\n<td style=\"width: 260px;\"><\/td>\n<td style=\"text-align: left; width: 264px;\"><\/td>\n<\/tr>\n<tr>\n<td style=\"width: 260px;\">EU-passi (sis. passin)<\/td>\n<td style=\"text-align: left; width: 264px;\">92 \u20ac<\/td>\n<\/tr>\n<tr>\n<td style=\"width: 260px;\"><\/td>\n<td style=\"text-align: left; width: 264px;\"><\/td>\n<\/tr>\n<tr>\n<td style=\"width: 260px;\">Ekinokokkil\u00e4\u00e4kitys<\/td>\n<td style=\"text-align: left; width: 264px;\">27 \u20ac + l\u00e4\u00e4ke<\/td>\n<\/tr>\n<tr>\n<td style=\"width: 260px;\"><\/td>\n<td style=\"text-align: left; width: 264px;\"><\/td>\n<\/tr>\n<\/tbody>\n<\/table>\n<h3>Toimenpidehinnasto kissoille<\/h3>\n<table class=\"table table-striped\" style=\"height: 177px;\" width=\"532\">\n<tbody>\n<tr>\n<td style=\"width: 262px;\"><\/td>\n<td style=\"width: 262px;\"><\/td>\n<\/tr>\n<tr>\n<td style=\"width: 262px;\">\n<h4>Rokotukset<\/h4>\n<\/td>\n<td style=\"width: 262px;\"><\/td>\n<\/tr>\n<tr>\n<td style=\"width: 262px;\">3-rokotus (kissarutto ja kissaflunssat)<\/td>\n<td style=\"text-align: left; width: 262px;\">77 \u20ac<\/td>\n<\/tr>\n<tr>\n<td style=\"width: 262px;\">3-rokotus + rabies<\/td>\n<td style=\"text-align: left; width: 262px;\">82 \u20ac<\/td>\n<\/tr>\n<tr>\n<td style=\"width: 262px;\">Rabiesrokote<\/td>\n<td style=\"text-align: left; width: 262px;\">76 \u20ac<\/td>\n<\/tr>\n<\/tbody>\n<\/table>\n<table class=\"table table-striped\">\n<tbody>\n<tr>\n<td style=\"width: 50%;\">Kissan kastraatio<\/td>\n<td>167 \u20ac<\/td>\n<\/tr>\n<tr>\n<td>Kissan sterilisaatio<\/td>\n<td>245 \u20ac<\/td>\n<\/tr>\n<\/tbody>\n<\/table>\n<p>Kissan sterilisaatiossa potilas on suonensis\u00e4isess\u00e4 anestesiassa ja nesteytyksess\u00e4.<\/p>\n<p><strong>Hinnat sis\u00e4lt\u00e4v\u00e4t arvonlis\u00e4veron. Hinnastomme on kokonaisuudessaan n\u00e4ht\u00e4vill\u00e4 klinikallamme. Pid\u00e4t\u00e4mme oikeuden hinnanmuutoksiin.<\/strong><\/p>\n<p><strong>Mik\u00e4li estyt saapumasta paikalle, peruutathan varauksesi viimeist\u00e4\u00e4n4 tuntia ennen varaamaasi aikaa.<\/strong><\/p>\n<p><strong>Huom! Leikkausaikojen peruutus tulee tehd\u00e4 viimeist\u00e4\u00e4n 24h ennen varattua aikaa.<\/strong><\/p>\n<p><strong>Peruuttamattomista varauksista veloitamme 41\u20ac<\/strong><\/p>\n<p><strong>Peruuttamattomista leikkausajanvarauksista veloitamme 80\u20ac<\/strong>[\/vc_column_text][\/vc_column][\/vc_row]<\/p>\n","protected":false},"excerpt":{"rendered":"<p>[vc_row][vc_column][vc_column_text] Toimenpidehinnasto koirille Perusk\u00e4ynti max. 20 min. 90 \u20ac Rokotukset Kennelysk\u00e4rokotus 75\/ 79 \u20ac 4-rokote 77 \u20ac Rabiesrokote 72 \u20ac 4-rokote + rabies 82 \u20ac Kennelysk\u00e4 + rabies+KC 94 \u20ac Kennelysk\u00e4 + rabies 80\u20ac Rokotusk\u00e4yntiin sis\u00e4ltyy aina terveystarkastus.\u00a0Suosittelemme pennuille ja alle 10 kg koirille\u00a0raivotautirokotteen antamista erillisell\u00e4 k\u00e4yntikerralla. Kastraatio &lt; 10 kg 365 \u20ac Kastraatio 10-30 [&hellip;]<\/p>\n","protected":false},"author":2,"featured_media":0,"parent":0,"menu_order":0,"comment_status":"closed","ping_status":"closed","template":"","meta":{"footnotes":""},"class_list":["post-977","page","type-page","status-publish","hentry"],"_links":{"self":[{"href":"https:\/\/elaintohtori.fi\/lauttasaari\/wp-json\/wp\/v2\/pages\/977","targetHints":{"allow":["GET"]}}],"collection":[{"href":"https:\/\/elaintohtori.fi\/lauttasaari\/wp-json\/wp\/v2\/pages"}],"about":[{"href":"https:\/\/elaintohtori.fi\/lauttasaari\/wp-json\/wp\/v2\/types\/page"}],"author":[{"embeddable":true,"href":"https:\/\/elaintohtori.fi\/lauttasaari\/wp-json\/wp\/v2\/users\/2"}],"replies":[{"embeddable":true,"href":"https:\/\/elaintohtori.fi\/lauttasaari\/wp-json\/wp\/v2\/comments?post=977"}],"version-history":[{"count":42,"href":"https:\/\/elaintohtori.fi\/lauttasaari\/wp-json\/wp\/v2\/pages\/977\/revisions"}],"predecessor-version":[{"id":1745,"href":"https:\/\/elaintohtori.fi\/lauttasaari\/wp-json\/wp\/v2\/pages\/977\/revisions\/1745"}],"wp:attachment":[{"href":"https:\/\/elaintohtori.fi\/lauttasaari\/wp-json\/wp\/v2\/media?parent=977"}],"curies":[{"name":"wp","href":"https:\/\/api.w.org\/{rel}","templated":true}]}}