{"id":929,"date":"2016-05-27T10:49:39","date_gmt":"2016-05-27T07:49:39","guid":{"rendered":"https:\/\/elaintohtori.fi\/lauttasaari\/?page_id=929"},"modified":"2016-06-09T18:29:54","modified_gmt":"2016-06-09T15:29:54","slug":"lemmikkitili","status":"publish","type":"page","link":"https:\/\/elaintohtori.fi\/lauttasaari\/lemmikkitili\/","title":{"rendered":"Lemmikkitili"},"content":{"rendered":"<p>[vc_row][vc_column][vc_column_text]<\/p>\n<h2><a href=\"https:\/\/elaintohtori.fi\/lauttasaari\/lemmikkitili\/resurs-bank-logo-x2\/\" rel=\"attachment wp-att-966\"><img loading=\"lazy\" decoding=\"async\" class=\"alignnone size-medium wp-image-966\" src=\"https:\/\/elaintohtori.fi\/lauttasaari\/wp-content\/uploads\/2016\/05\/resurs-bank-logo-x2-300x106.png\" alt=\"resurs-bank-logo-x2\" width=\"300\" height=\"106\" srcset=\"https:\/\/elaintohtori.fi\/lauttasaari\/wp-content\/uploads\/2016\/05\/resurs-bank-logo-x2-300x106.png 300w, https:\/\/elaintohtori.fi\/lauttasaari\/wp-content\/uploads\/2016\/05\/resurs-bank-logo-x2.png 340w\" sizes=\"auto, (max-width: 300px) 100vw, 300px\" \/><\/a><\/h2>\n<h2><\/h2>\n<h2><span style=\"color: #ff6600;\"><br \/>\n<span style=\"color: #993366;\">Lauttasaaren El\u00e4inl\u00e4\u00e4k\u00e4riaseman Lemmikki-tili<\/span><\/span><\/h2>\n<h3>Joustoa lemmikkisi el\u00e4inl\u00e4\u00e4k\u00e4rikuluihin<\/h3>\n<p>Usein lemmikki sairastuu yll\u00e4tt\u00e4en eik\u00e4 lemmikin hoidosta muodostuviin el\u00e4inl\u00e4\u00e4k\u00e4rikuluihin ole v\u00e4ltt\u00e4m\u00e4tt\u00e4 osattu varautua ennakkoon. Lauttasaaren El\u00e4inl\u00e4\u00e4k\u00e4riaseman Lemmikki-tili on edullinen ja joustava tapa saada maksuaikaa laskullesi tai maksaa lasku useammassa osassa osamaksuna itse valitsemasi maksuohjelman mukaisesti. Lemmikkitilillesi voit ostaa lemmikkisi ruoat ja tarvikkeet sek\u00e4 maksaa hoitotoimenpiteet. Lauttasaaren El\u00e4inl\u00e4\u00e4k\u00e4riaseman Lemmikki-tili toimii vain Lauttasaaren El\u00e4inl\u00e4\u00e4k\u00e4riasemalla.<\/p>\n<h3>Edut<\/h3>\n<ul>\n<li>Ostoksesi yhteydess\u00e4 et maksa mit\u00e4\u00e4n. Lasku toimitetaan sinulle kotiin ostokuukautta seuraavana kuukautena. Saadessasi laskun voit valita itsellesi sopivan maksuohjelman.<\/li>\n<li>Aina 30-60 p\u00e4iv\u00e4\u00e4 korotonta maksuaikaa.<\/li>\n<li>Halutessasi voit jakaa ostosumman useaan eri osaan ja maksaa sen valitsemasi maksuohjelman mukaisesti. Alla olevassa linkiss\u00e4 lis\u00e4tietoja.<\/li>\n<\/ul>\n<h3>Hakeminen<\/h3>\n<p>Rahoituksen hakeminen on helppoa ja nopeaa. Kun tied\u00e4t toivomasi rahoitusm\u00e4\u00e4r\u00e4n, voit tehd\u00e4 hakemuksen alla olevalla s\u00e4hk\u00f6isell\u00e4 hakemuksella tai paikan p\u00e4\u00e4ll\u00e4 asiantuntevan henkil\u00f6kuntamme avustuksella. Luotonantaja on Resurs Bank.<\/p>\n<h3>S\u00e4hk\u00f6inen rahoitushakemus<\/h3>\n<p>Rahoitusp\u00e4\u00e4t\u00f6s l\u00e4hetet\u00e4\u00e4n s\u00e4hk\u00f6postiisi vuorokauden kuluessa. T\u00e4yt\u00e4 lomake tarkasti ja huomioi seuraavat asiat:<\/p>\n<ul>\n<li>Tutustu tiliehtoihin ja maksuvaihtoehtoihin ennen hakemista.<br \/>\nSuosittelemme hakemuksen tekemist\u00e4 Internet Explorerilla Windows-ymp\u00e4rist\u00f6ss\u00e4.<\/li>\n<li>Tarkista, ett\u00e4 henkil\u00f6tunnuksesi on oikein t\u00e4ytetty.<\/li>\n<li>Tarkista, ett\u00e4 puhelinnumero ja s\u00e4hk\u00f6postiosoite ovat oikein.<\/li>\n<li>Huomioi brutto- ja nettotulojen ero (brutto = ennen veroja, netto = verojen j\u00e4lkeen).<\/li>\n<li>Jos olet el\u00e4kkeell\u00e4, valitse vakituinen ty\u00f6suhde ja t\u00e4yt\u00e4 milloin j\u00e4it el\u00e4kkeelle. Ty\u00f6nantajaksi t\u00e4ytet\u00e4\u00e4n \u201dEl\u00e4kkeell\u00e4\u201d.<\/li>\n<\/ul>\n<p>&nbsp;<\/p>\n<p><span style=\"color: #993366;\"><a style=\"color: #993366;\" href=\"https:\/\/elaintohtori.fi\/lauttasaari\/lemmikkitili\/~sg2325\/lauttasaaritili_webb-2\/\" rel=\"attachment wp-att-1000\">Rahoitusesite<\/a><\/span><\/p>\n<p><span style=\"color: #993366;\"><a style=\"color: #993366;\" href=\"https:\/\/elaintohtori.fi\/lauttasaari\/lemmikkitili\/villkor_id27031_doctypecommonterms_customertypenatural_landfi_languagefi_validfrom20160222\/\" rel=\"attachment wp-att-968\">Yleiset ehdot<\/a><\/span><\/p>\n<p><span style=\"color: #993366;\"><a style=\"color: #993366;\" href=\"https:\/\/elaintohtori.fi\/lauttasaari\/lemmikkitili\/villkor_id27067_kedja150_landfi_languagefi_bankproduktf7146069_validfrom20160306\/\" rel=\"attachment wp-att-969\">Vakiomuotoiset eurooppalaiset kuluttajaluottotiedot<\/a><\/span><\/p>\n<p>Jos rahoitusesite tai tiliehdot eiv\u00e4t aukea selaimessasi, saatat tarvita Adobe Readerin. Voit tarvittaessa asentaa sen <span style=\"text-decoration: underline; color: #993366;\"><a style=\"color: #993366; text-decoration: underline;\" href=\"https:\/\/get.adobe.com\/reader\/?loc=fi\">t\u00e4st\u00e4<\/a><\/span>.<\/p>\n<p><span style=\"text-decoration: underline; color: #993366;\"><a style=\"color: #993366; text-decoration: underline;\" href=\"https:\/\/apponline.resurs.com\/form\/fi10600\">Avaa rahoitushakemus t\u00e4st\u00e4.<\/a><\/span><\/p>\n<p>My\u00f6nteisen p\u00e4\u00e4t\u00f6ksen saatuasi voit ottaa yhteytt\u00e4 l\u00e4himp\u00e4\u00e4n myyntipisteeseen. Ota mukaan voimassa oleva henkil\u00f6todistus.<br \/>\nJos sinulla on kysytt\u00e4v\u00e4\u00e4 hakemuksesta, rahoitusvaihtoehdoista tai tiliehdoista, ole yst\u00e4v\u00e4llisesti yhteydess\u00e4 Resurs Bankin asiakaspalveluun, puh. 09 622 4308 (ma-pe klo 8-18).[\/vc_column_text][\/vc_column][\/vc_row]<\/p>\n","protected":false},"excerpt":{"rendered":"<p>[vc_row][vc_column][vc_column_text] Lauttasaaren El\u00e4inl\u00e4\u00e4k\u00e4riaseman Lemmikki-tili Joustoa lemmikkisi el\u00e4inl\u00e4\u00e4k\u00e4rikuluihin Usein lemmikki sairastuu yll\u00e4tt\u00e4en eik\u00e4 lemmikin hoidosta muodostuviin el\u00e4inl\u00e4\u00e4k\u00e4rikuluihin ole v\u00e4ltt\u00e4m\u00e4tt\u00e4 osattu varautua ennakkoon. Lauttasaaren El\u00e4inl\u00e4\u00e4k\u00e4riaseman Lemmikki-tili on edullinen ja joustava tapa saada maksuaikaa laskullesi tai maksaa lasku useammassa osassa osamaksuna itse valitsemasi maksuohjelman mukaisesti. Lemmikkitilillesi voit ostaa lemmikkisi ruoat ja tarvikkeet sek\u00e4 maksaa hoitotoimenpiteet. Lauttasaaren El\u00e4inl\u00e4\u00e4k\u00e4riaseman Lemmikki-tili [&hellip;]<\/p>\n","protected":false},"author":1,"featured_media":0,"parent":0,"menu_order":0,"comment_status":"closed","ping_status":"closed","template":"","meta":{"footnotes":""},"class_list":["post-929","page","type-page","status-publish","hentry"],"_links":{"self":[{"href":"https:\/\/elaintohtori.fi\/lauttasaari\/wp-json\/wp\/v2\/pages\/929","targetHints":{"allow":["GET"]}}],"collection":[{"href":"https:\/\/elaintohtori.fi\/lauttasaari\/wp-json\/wp\/v2\/pages"}],"about":[{"href":"https:\/\/elaintohtori.fi\/lauttasaari\/wp-json\/wp\/v2\/types\/page"}],"author":[{"embeddable":true,"href":"https:\/\/elaintohtori.fi\/lauttasaari\/wp-json\/wp\/v2\/users\/1"}],"replies":[{"embeddable":true,"href":"https:\/\/elaintohtori.fi\/lauttasaari\/wp-json\/wp\/v2\/comments?post=929"}],"version-history":[{"count":14,"href":"https:\/\/elaintohtori.fi\/lauttasaari\/wp-json\/wp\/v2\/pages\/929\/revisions"}],"predecessor-version":[{"id":1303,"href":"https:\/\/elaintohtori.fi\/lauttasaari\/wp-json\/wp\/v2\/pages\/929\/revisions\/1303"}],"wp:attachment":[{"href":"https:\/\/elaintohtori.fi\/lauttasaari\/wp-json\/wp\/v2\/media?parent=929"}],"curies":[{"name":"wp","href":"https:\/\/api.w.org\/{rel}","templated":true}]}}