{"id":843,"date":"2015-09-28T08:29:30","date_gmt":"2015-09-28T05:29:30","guid":{"rendered":"http:\/\/tn.joomexp.com\/wordpress\/wp-petvet1\/?page_id=2"},"modified":"2025-07-11T11:46:33","modified_gmt":"2025-07-11T08:46:33","slug":"home","status":"publish","type":"page","link":"https:\/\/elaintohtori.fi\/lauttasaari\/","title":{"rendered":"Etusivu"},"content":{"rendered":"<p>[vc_row full_width=&#8221;stretch_row_content_no_spaces&#8221; css=&#8221;.vc_custom_1446693982693{margin-right: 0px !important;margin-left: 0px !important;padding-right: 0px !important;padding-left: 0px !important;}&#8221;][vc_column css=&#8221;.vc_custom_1446694037315{padding-right: 0px !important;padding-left: 0px !important;}&#8221;][rev_slider_vc alias=&#8221;home-1&#8243;][\/vc_column][\/vc_row][vc_row css=&#8221;.vc_custom_1444702894195{padding-top: 95px !important;}&#8221;][vc_column width=&#8221;1\/3&#8243; animation=&#8221;fadeIn&#8221; css=&#8221;.vc_custom_1444701222983{margin-bottom: 40px !important;}&#8221;][vc_custom_heading text=&#8221;MITEN VOIMME PALVELLA?&#8221; font_container=&#8221;tag:h3|text_align:left&#8221; google_fonts=&#8221;font_family:Raleway%3A100%2C200%2C300%2Cregular%2C500%2C600%2C700%2C800%2C900|font_style:900%20bold%20regular%3A900%3Anormal&#8221;][vc_custom_heading text=&#8221;Tarjoamme sinulle ja lemmikillesi laadukkaita el\u00e4inl\u00e4\u00e4k\u00e4ripalveluita on sitten kyse perusterveydenhuollosta, hammaskirurgiasta tai vaativammista sis\u00e4tauti tai kirurgisista toimenpiteist\u00e4. &#8221; font_container=&#8221;tag:div|font_size:15|text_align:left|line_height:2&#8243; google_fonts=&#8221;font_family:Droid%20Serif%3Aregular%2Citalic%2C700%2C700italic|font_style:400%20italic%3A400%3Aitalic&#8221;][\/vc_column][vc_column width=&#8221;1\/3&#8243; animation=&#8221;fadeIn&#8221; animation_delay=&#8221;0.4s&#8221; css=&#8221;.vc_custom_1464347068362{margin-bottom: 40px !important;}&#8221;][cms_fancybox_single description=&#8221;te&#8221; icon_fontawesome=&#8221;fa fa-paw&#8221; title_item=&#8221;Rokotukset&#8221; icon_size=&#8221;65px&#8221; icon_border_radius=&#8221;4px&#8221; icon_position=&#8221;inherit&#8221; icon_font_size=&#8221;28px&#8221; cms_template=&#8221;cms_fancybox_single.php&#8221; description_item=&#8221;Lemmikin hyv\u00e4\u00e4n ja ennaltaehk\u00e4isev\u00e4\u00e4n hoitoon kuuluvat s\u00e4\u00e4nn\u00f6lliset rokotukset. Rokotus on helppo tapa suojata lemmikki vaarallisilta virustaudeilta ja samalla ennaltaehk\u00e4ist\u00e4 tarttuvien tautien levi\u00e4mist\u00e4 Suomessa. &#8221;][\/vc_column][vc_column width=&#8221;1\/3&#8243; animation=&#8221;fadeIn&#8221; animation_delay=&#8221;0.6s&#8221; css=&#8221;.vc_custom_1444701237303{margin-bottom: 40px !important;}&#8221;][cms_fancybox_single icon_fontawesome=&#8221;fa fa-medkit&#8221; title_item=&#8221;Terveystarkastukset&#8221; icon_size=&#8221;65px&#8221; icon_border_radius=&#8221;4px&#8221; icon_position=&#8221;inherit&#8221; icon_font_size=&#8221;28px&#8221; description_item=&#8221;Vuosittaisilla s\u00e4\u00e4nn\u00f6llisill\u00e4 terveystarkastuksilla pyrit\u00e4\u00e4n l\u00f6yt\u00e4m\u00e4\u00e4n mahdolliset sairaudet aikaisessa vaiheessa ja muutoinkin kartoittamaan lemmikin terveydentila.&#8221; cms_template=&#8221;cms_fancybox_single.php&#8221;][\/vc_column][\/vc_row][vc_row css=&#8221;.vc_custom_1444702845571{padding-bottom: 70px !important;}&#8221;][vc_column width=&#8221;1\/3&#8243; animation=&#8221;fadeIn&#8221; animation_delay=&#8221;0.8s&#8221; css=&#8221;.vc_custom_1446051067480{margin-bottom: 40px !important;}&#8221;][cms_fancybox_single icon_fontawesome=&#8221;fa fa-ambulance&#8221; title_item=&#8221;Laboratorio&#8221; icon_size=&#8221;65px&#8221; icon_border_radius=&#8221;4px&#8221; icon_position=&#8221;inherit&#8221; icon_font_size=&#8221;28px&#8221; description_item=&#8221;K\u00e4yt\u00f6ss\u00e4\u00e4mme on monipuolinen tutkimusv\u00e4lineist\u00f6 veri-, virtsa-, iho- ja korvan\u00e4ytteit\u00e4 varten. Pystymme m\u00e4\u00e4ritt\u00e4m\u00e4\u00e4n suurimman osan n\u00e4ytteist\u00e4mme omassa laboratoriossamme.&#8221; cms_template=&#8221;cms_fancybox_single.php&#8221;][\/vc_column][vc_column width=&#8221;1\/3&#8243; animation=&#8221;fadeIn&#8221; animation_delay=&#8221;1s&#8221; css=&#8221;.vc_custom_1446051105733{margin-bottom: 40px !important;}&#8221;][cms_fancybox_single icon_fontawesome=&#8221;fa fa-user-md&#8221; title_item=&#8221;Sis\u00e4taudit ja kirurgia&#8221; icon_size=&#8221;65px&#8221; icon_border_radius=&#8221;4px&#8221; icon_position=&#8221;inherit&#8221; icon_font_size=&#8221;28px&#8221; description_item=&#8221;Klinikallamme on valmius hoitaa vaativiakin sis\u00e4tautipotilaita ja tehd\u00e4 eri tasoisia kirurgisia operaatioita. &#8221; cms_template=&#8221;cms_fancybox_single.php&#8221;][\/vc_column][vc_column width=&#8221;1\/3&#8243; animation=&#8221;fadeIn&#8221; animation_delay=&#8221;1.2s&#8221; css=&#8221;.vc_custom_1446051116377{margin-bottom: 40px !important;}&#8221;][cms_fancybox_single icon_fontawesome=&#8221;fa fa-hospital-o&#8221; title_item=&#8221;P\u00e4iv\u00e4sairaala&#8221; icon_size=&#8221;65px&#8221; icon_border_radius=&#8221;4px&#8221; icon_position=&#8221;inherit&#8221; icon_font_size=&#8221;28px&#8221; description_item=&#8221;Joskus sairauden diagnosoiminen vaatii useita tunteja kest\u00e4vi\u00e4 tutkimuksia, jolloin potilas otetaan p\u00e4iv\u00e4ksi sis\u00e4\u00e4n sairaalaosastolle. My\u00f6s her\u00e4\u00e4minen leikkauksista tapahtuu sairaalaosastolla. &#8221; cms_template=&#8221;cms_fancybox_single.php&#8221;][\/vc_column][\/vc_row][vc_row full_width=&#8221;stretch_row&#8221; css=&#8221;.vc_custom_1446863701379{border-top-width: 1px !important;border-bottom-width: 1px !important;padding-top: 80px !important;padding-bottom: 80px !important;background-color: #f7f7f7 !important;border-top-color: #ededed !important;border-top-style: solid !important;border-bottom-color: #ededed !important;border-bottom-style: solid !important;}&#8221;][vc_column][vc_custom_heading text=&#8221;Osaajamme palveluksessasi&#8221; font_container=&#8221;tag:h3|font_size:24px|text_align:center&#8221; google_fonts=&#8221;font_family:Raleway%3A100%2C200%2C300%2Cregular%2C500%2C600%2C700%2C800%2C900|font_style:700%20bold%20regular%3A700%3Anormal&#8221; cms_custom_headding=&#8221;widget-title wg-title&#8221;][vc_custom_heading text=&#8221;Tutustu ammattitaitoiseen henkil\u00f6kuntaamme!&#8221; font_container=&#8221;tag:div|text_align:center&#8221; google_fonts=&#8221;font_family:Droid%20Serif%3Aregular%2Citalic%2C700%2C700italic|font_style:400%20italic%3A400%3Aitalic&#8221; css=&#8221;.vc_custom_1464332202240{margin-bottom: 60px !important;}&#8221;][cms_carousel xsmall_items=&#8221;1&#8243; small_items=&#8221;2&#8243; medium_items=&#8221;3&#8243; large_items=&#8221;3&#8243; margin=&#8221;30&#8243; dots=&#8221;false&#8221; item_style=&#8221;boxed&#8221; text_align=&#8221;text-left&#8221; source=&#8221;size:9|order_by:ID|post_type:our-vets&#8221; cms_template=&#8221;cms_carousel&#8211;our-vets.php&#8221;][\/vc_column][\/vc_row][vc_row full_width=&#8221;stretch_row&#8221; css=&#8221;.vc_custom_1446863736829{padding-top: 80px !important;padding-bottom: 80px !important;}&#8221;][vc_column][vc_custom_heading text=&#8221;Joustoa asiointiin&#8221; font_container=&#8221;tag:h3|font_size:24px|text_align:center&#8221; google_fonts=&#8221;font_family:Raleway%3A100%2C200%2C300%2Cregular%2C500%2C600%2C700%2C800%2C900|font_style:700%20bold%20regular%3A700%3Anormal&#8221; cms_custom_headding=&#8221;widget-title wg-title&#8221;][vc_custom_heading text=&#8221;Yhteisty\u00f6kumppaneidemme tarjoamat lis\u00e4palvelut&#8221; font_container=&#8221;tag:div|text_align:center&#8221; google_fonts=&#8221;font_family:Droid%20Serif%3Aregular%2Citalic%2C700%2C700italic|font_style:400%20italic%3A400%3Aitalic&#8221; css=&#8221;.vc_custom_1464332640568{margin-bottom: 60px !important;}&#8221;][\/vc_column][vc_column offset=&#8221;vc_col-lg-offset-2 vc_col-lg-8 vc_col-md-offset-2 vc_col-md-8&#8243;][cms_carousel xsmall_items=&#8221;1&#8243; small_items=&#8221;1&#8243; medium_items=&#8221;1&#8243; large_items=&#8221;1&#8243; margin=&#8221;0&#8243; l_icon_fontawesome=&#8221;fa fa-chevron-left&#8221; text_align=&#8221;text-left&#8221; image_size=&#8221;thumbnail&#8221; image_border_radius=&#8221;50%&#8221; source=&#8221;size:3|order_by:date|post_type:our-testimonial&#8221; cms_template=&#8221;cms_carousel&#8211;testimonial2.php&#8221;][\/vc_column][\/vc_row][vc_row full_width=&#8221;stretch_row&#8221; css=&#8221;.vc_custom_1465548617771{padding-top: 40px !important;background-color: #8e3d89 !important;}&#8221;][vc_column css=&#8221;.vc_custom_1465548536419{margin-bottom: 40px !important;}&#8221; offset=&#8221;vc_col-lg-9 vc_col-md-9&#8243;][vc_custom_heading text=&#8221;Rokotus, tarkastus vai akuutti vaiva?&#8221; font_container=&#8221;tag:h3|font_size:28px|text_align:left|color:%23ffffff|line_height:1&#8243; use_theme_fonts=&#8221;yes&#8221;][vc_custom_heading text=&#8221;Nettiajanvarauksemme on avoinna kellon ymp\u00e4ri, vuoden jokaisena p\u00e4iv\u00e4n\u00e4. Varaa aika lemmikillesi milloin haluat ja miss\u00e4 haluat.&#8221; font_container=&#8221;tag:div|font_size:15px|text_align:left|color:%23ffffff|line_height:1.618&#8243; google_fonts=&#8221;font_family:Droid%20Serif%3Aregular%2Citalic%2C700%2C700italic|font_style:400%20italic%3A400%3Aitalic&#8221;][\/vc_column][vc_column css=&#8221;.vc_custom_1446697159524{margin-bottom: 40px !important;}&#8221; offset=&#8221;vc_col-lg-3 vc_col-md-3&#8243;][vc_btn title=&#8221;Nettiajanvaraukseen&#8221; style=&#8221;flat&#8221; shape=&#8221;square&#8221; color=&#8221;black&#8221; size=&#8221; btn-lg&#8221; align=&#8221;center&#8221; link=&#8221;url:https%3A%2F%2Fnettiaika.dyndns.org%2Fweb%2Fbooking_types.html%3Fclinic_id%3DLauttasaaren_Elainlaakariasema_x|title:Varaa%20nyt|target:%20_blank&#8221; css=&#8221;.vc_custom_1465911128247{margin-top: 23px !important;}&#8221; button_block=&#8221;true&#8221;][\/vc_column][\/vc_row]<\/p>\n","protected":false},"excerpt":{"rendered":"<p>[vc_row full_width=&#8221;stretch_row_content_no_spaces&#8221; css=&#8221;.vc_custom_1446693982693{margin-right: 0px !important;margin-left: 0px !important;padding-right: 0px !important;padding-left: 0px !important;}&#8221;][vc_column css=&#8221;.vc_custom_1446694037315{padding-right: 0px !important;padding-left: 0px !important;}&#8221;][rev_slider_vc alias=&#8221;home-1&#8243;][\/vc_column][\/vc_row][vc_row css=&#8221;.vc_custom_1444702894195{padding-top: 95px !important;}&#8221;][vc_column width=&#8221;1\/3&#8243; animation=&#8221;fadeIn&#8221; css=&#8221;.vc_custom_1444701222983{margin-bottom: 40px !important;}&#8221;][vc_custom_heading text=&#8221;MITEN VOIMME PALVELLA?&#8221; font_container=&#8221;tag:h3|text_align:left&#8221; google_fonts=&#8221;font_family:Raleway%3A100%2C200%2C300%2Cregular%2C500%2C600%2C700%2C800%2C900|font_style:900%20bold%20regular%3A900%3Anormal&#8221;][vc_custom_heading text=&#8221;Tarjoamme sinulle ja lemmikillesi laadukkaita el\u00e4inl\u00e4\u00e4k\u00e4ripalveluita on sitten kyse perusterveydenhuollosta, hammaskirurgiasta tai vaativammista sis\u00e4tauti tai kirurgisista toimenpiteist\u00e4. &#8221; font_container=&#8221;tag:div|font_size:15|text_align:left|line_height:2&#8243; google_fonts=&#8221;font_family:Droid%20Serif%3Aregular%2Citalic%2C700%2C700italic|font_style:400%20italic%3A400%3Aitalic&#8221;][\/vc_column][vc_column width=&#8221;1\/3&#8243; animation=&#8221;fadeIn&#8221; animation_delay=&#8221;0.4s&#8221; css=&#8221;.vc_custom_1464347068362{margin-bottom: 40px [&hellip;]<\/p>\n","protected":false},"author":1,"featured_media":0,"parent":0,"menu_order":0,"comment_status":"closed","ping_status":"closed","template":"","meta":{"footnotes":""},"class_list":["post-843","page","type-page","status-publish","hentry"],"_links":{"self":[{"href":"https:\/\/elaintohtori.fi\/lauttasaari\/wp-json\/wp\/v2\/pages\/843","targetHints":{"allow":["GET"]}}],"collection":[{"href":"https:\/\/elaintohtori.fi\/lauttasaari\/wp-json\/wp\/v2\/pages"}],"about":[{"href":"https:\/\/elaintohtori.fi\/lauttasaari\/wp-json\/wp\/v2\/types\/page"}],"author":[{"embeddable":true,"href":"https:\/\/elaintohtori.fi\/lauttasaari\/wp-json\/wp\/v2\/users\/1"}],"replies":[{"embeddable":true,"href":"https:\/\/elaintohtori.fi\/lauttasaari\/wp-json\/wp\/v2\/comments?post=843"}],"version-history":[{"count":33,"href":"https:\/\/elaintohtori.fi\/lauttasaari\/wp-json\/wp\/v2\/pages\/843\/revisions"}],"predecessor-version":[{"id":1711,"href":"https:\/\/elaintohtori.fi\/lauttasaari\/wp-json\/wp\/v2\/pages\/843\/revisions\/1711"}],"wp:attachment":[{"href":"https:\/\/elaintohtori.fi\/lauttasaari\/wp-json\/wp\/v2\/media?parent=843"}],"curies":[{"name":"wp","href":"https:\/\/api.w.org\/{rel}","templated":true}]}}