{"id":208,"date":"2015-10-09T08:30:45","date_gmt":"2015-10-09T08:30:45","guid":{"rendered":"http:\/\/tn.joomexp.com\/wordpress\/wp-petvet1\/?page_id=208"},"modified":"2016-06-06T11:45:56","modified_gmt":"2016-06-06T08:45:56","slug":"henkilokunta","status":"publish","type":"page","link":"https:\/\/elaintohtori.fi\/lauttasaari\/henkilokunta\/","title":{"rendered":"Henkil\u00f6kunta"},"content":{"rendered":"<p>[vc_row full_width=&#8221;stretch_row&#8221; css=&#8221;.vc_custom_1445961548126{padding-bottom: 75px !important;}&#8221;][vc_column][vc_custom_heading text=&#8221;El\u00e4inl\u00e4\u00e4k\u00e4rit&#8221; font_container=&#8221;tag:h1|text_align:center&#8221; google_fonts=&#8221;font_family:Raleway%3A100%2C200%2C300%2Cregular%2C500%2C600%2C700%2C800%2C900|font_style:400%20regular%3A400%3Anormal&#8221;][cms_carousel xsmall_items=&#8221;1&#8243; small_items=&#8221;2&#8243; medium_items=&#8221;3&#8243; large_items=&#8221;3&#8243; margin=&#8221;30&#8243; dots=&#8221;false&#8221; l_icon_fontawesome=&#8221;fa fa-angle-left&#8221; r_icon_fontawesome=&#8221;fa fa-angle-right&#8221; source=&#8221;size:All|order_by:date|post_type:our-vets|tax_query:32&#8243; cms_template=&#8221;cms_carousel&#8211;our-vets.php&#8221;][vc_separator color=&#8221;orange&#8221; css=&#8221;.vc_custom_1464615612111{margin-top: 50px !important;margin-bottom: 50px !important;}&#8221;][vc_custom_heading text=&#8221;Pienel\u00e4inhoitajat&#8221; font_container=&#8221;tag:h1|text_align:center&#8221; google_fonts=&#8221;font_family:Raleway%3A100%2C200%2C300%2Cregular%2C500%2C600%2C700%2C800%2C900|font_style:400%20regular%3A400%3Anormal&#8221;][cms_carousel xsmall_items=&#8221;1&#8243; small_items=&#8221;2&#8243; medium_items=&#8221;3&#8243; large_items=&#8221;3&#8243; margin=&#8221;30&#8243; loop=&#8221;false&#8221; nav=&#8221;false&#8221; dots=&#8221;false&#8221; l_icon_fontawesome=&#8221;fa fa-angle-right&#8221; r_icon_fontawesome=&#8221;fa fa-angle-left&#8221; source=&#8221;size:All|order_by:date|post_type:our-vets|tax_query:36&#8243; cms_template=&#8221;cms_carousel&#8211;our-vets.php&#8221;][\/vc_column][\/vc_row]<\/p>\n","protected":false},"excerpt":{"rendered":"<p>[vc_row full_width=&#8221;stretch_row&#8221; css=&#8221;.vc_custom_1445961548126{padding-bottom: 75px !important;}&#8221;][vc_column][vc_custom_heading text=&#8221;El\u00e4inl\u00e4\u00e4k\u00e4rit&#8221; font_container=&#8221;tag:h1|text_align:center&#8221; google_fonts=&#8221;font_family:Raleway%3A100%2C200%2C300%2Cregular%2C500%2C600%2C700%2C800%2C900|font_style:400%20regular%3A400%3Anormal&#8221;][cms_carousel xsmall_items=&#8221;1&#8243; small_items=&#8221;2&#8243; medium_items=&#8221;3&#8243; large_items=&#8221;3&#8243; margin=&#8221;30&#8243; dots=&#8221;false&#8221; l_icon_fontawesome=&#8221;fa fa-angle-left&#8221; r_icon_fontawesome=&#8221;fa fa-angle-right&#8221; source=&#8221;size:All|order_by:date|post_type:our-vets|tax_query:32&#8243; cms_template=&#8221;cms_carousel&#8211;our-vets.php&#8221;][vc_separator color=&#8221;orange&#8221; css=&#8221;.vc_custom_1464615612111{margin-top: 50px !important;margin-bottom: 50px !important;}&#8221;][vc_custom_heading text=&#8221;Pienel\u00e4inhoitajat&#8221; font_container=&#8221;tag:h1|text_align:center&#8221; google_fonts=&#8221;font_family:Raleway%3A100%2C200%2C300%2Cregular%2C500%2C600%2C700%2C800%2C900|font_style:400%20regular%3A400%3Anormal&#8221;][cms_carousel xsmall_items=&#8221;1&#8243; small_items=&#8221;2&#8243; medium_items=&#8221;3&#8243; large_items=&#8221;3&#8243; margin=&#8221;30&#8243; loop=&#8221;false&#8221; nav=&#8221;false&#8221; dots=&#8221;false&#8221; l_icon_fontawesome=&#8221;fa fa-angle-right&#8221; r_icon_fontawesome=&#8221;fa fa-angle-left&#8221; source=&#8221;size:All|order_by:date|post_type:our-vets|tax_query:36&#8243; cms_template=&#8221;cms_carousel&#8211;our-vets.php&#8221;][\/vc_column][\/vc_row]<\/p>\n","protected":false},"author":1,"featured_media":0,"parent":0,"menu_order":0,"comment_status":"closed","ping_status":"closed","template":"","meta":{"footnotes":""},"class_list":["post-208","page","type-page","status-publish","hentry"],"_links":{"self":[{"href":"https:\/\/elaintohtori.fi\/lauttasaari\/wp-json\/wp\/v2\/pages\/208","targetHints":{"allow":["GET"]}}],"collection":[{"href":"https:\/\/elaintohtori.fi\/lauttasaari\/wp-json\/wp\/v2\/pages"}],"about":[{"href":"https:\/\/elaintohtori.fi\/lauttasaari\/wp-json\/wp\/v2\/types\/page"}],"author":[{"embeddable":true,"href":"https:\/\/elaintohtori.fi\/lauttasaari\/wp-json\/wp\/v2\/users\/1"}],"replies":[{"embeddable":true,"href":"https:\/\/elaintohtori.fi\/lauttasaari\/wp-json\/wp\/v2\/comments?post=208"}],"version-history":[{"count":18,"href":"https:\/\/elaintohtori.fi\/lauttasaari\/wp-json\/wp\/v2\/pages\/208\/revisions"}],"predecessor-version":[{"id":1287,"href":"https:\/\/elaintohtori.fi\/lauttasaari\/wp-json\/wp\/v2\/pages\/208\/revisions\/1287"}],"wp:attachment":[{"href":"https:\/\/elaintohtori.fi\/lauttasaari\/wp-json\/wp\/v2\/media?parent=208"}],"curies":[{"name":"wp","href":"https:\/\/api.w.org\/{rel}","templated":true}]}}